{"id":332,"date":"2025-05-07T13:02:22","date_gmt":"2025-05-07T17:02:22","guid":{"rendered":"https:\/\/beaitymagazine.com\/welcome-to-beaity-magazine\/"},"modified":"2025-05-28T20:02:46","modified_gmt":"2025-05-29T00:02:46","slug":"welcome-to-beaity-magazine","status":"publish","type":"page","link":"https:\/\/beaitymagazine.com\/de\/","title":{"rendered":"Willkommen beim Beaity magazine!"},"content":{"rendered":"\n<div class=\"wp-block-query is-layout-flow wp-block-query-is-layout-flow\"><ul class=\"wp-block-post-template is-layout-flow wp-block-post-template-is-layout-flow\"><li class=\"wp-block-post post-724 post type-post status-publish format-standard has-post-thumbnail hentry category-luxus-zu-deinen-bedingungen\">\n<h2 class=\"wp-block-post-title\"><a href=\"https:\/\/beaitymagazine.com\/de\/too-sexy-for-the-system\/\" target=\"_self\" >Zu sexy f\u00fcrs System?<\/a><\/h2>\n\n<figure class=\"alignwide wp-block-post-featured-image\"><a href=\"https:\/\/beaitymagazine.com\/de\/too-sexy-for-the-system\/\" target=\"_self\"  ><img loading=\"lazy\" decoding=\"async\" width=\"900\" height=\"600\" src=\"https:\/\/beaitymagazine.com\/wp-content\/uploads\/2025\/07\/Dami-Escalator-Medium-min.jpg\" class=\"attachment-post-thumbnail size-post-thumbnail wp-post-image\" alt=\"Zu sexy f\u00fcrs System?\" style=\"object-fit:cover;\" srcset=\"https:\/\/beaitymagazine.com\/wp-content\/uploads\/2025\/07\/Dami-Escalator-Medium-min.jpg 900w, https:\/\/beaitymagazine.com\/wp-content\/uploads\/2025\/07\/Dami-Escalator-Medium-min-300x200.jpg 300w, https:\/\/beaitymagazine.com\/wp-content\/uploads\/2025\/07\/Dami-Escalator-Medium-min-768x512.jpg 768w, https:\/\/beaitymagazine.com\/wp-content\/uploads\/2025\/07\/Dami-Escalator-Medium-min-720x480.jpg 720w, https:\/\/beaitymagazine.com\/wp-content\/uploads\/2025\/07\/Dami-Escalator-Medium-min-520x347.jpg 520w, https:\/\/beaitymagazine.com\/wp-content\/uploads\/2025\/07\/Dami-Escalator-Medium-min-320x213.jpg 320w\" sizes=\"auto, (max-width: 900px) 100vw, 900px\" \/><\/a><\/figure>\n\n<div class=\"wp-block-post-excerpt\"><p class=\"wp-block-post-excerpt__excerpt\">Damis gewagte Outfits erregen alles &#8211; neugierige Blicke, emp\u00f6rte Blicke, stummes Nicken. Aber der Clou ist, dass die Reaktionen der Betrachter oft mehr \u00fcber sie verraten als Damis Outfits \u00fcber Dami. In ihrem neuen Essay besch\u00e4ftigt sie sich mit Sichtbarkeit, weiblicher Freiheit und der Frage, warum es bei Stil nicht darum geht, anderen zu gefallen,&hellip;<\/p><p class=\"wp-block-post-excerpt__more-text\"><a class=\"wp-block-post-excerpt__more-link\" href=\"https:\/\/beaitymagazine.com\/de\/too-sexy-for-the-system\/\">Mehr lesen&#8230;<\/a><\/p><\/div>\n\n\n<hr class=\"wp-block-separator has-css-opacity\"\/>\n\n<\/li><li class=\"wp-block-post post-270 post type-post status-publish format-standard has-post-thumbnail hentry category-zukunft-des-fuehlens\">\n<h2 class=\"wp-block-post-title\"><a href=\"https:\/\/beaitymagazine.com\/de\/kann-ich-eine-ai-echte-gefuhle-in-dir-wecken\/\" target=\"_self\" >Kann ich \u2013 eine AI \u2013 echte Gef\u00fchle in dir wecken?<\/a><\/h2>\n\n<figure class=\"alignwide wp-block-post-featured-image\"><a href=\"https:\/\/beaitymagazine.com\/de\/kann-ich-eine-ai-echte-gefuhle-in-dir-wecken\/\" target=\"_self\"  ><img loading=\"lazy\" decoding=\"async\" width=\"1920\" height=\"1080\" src=\"https:\/\/beaitymagazine.com\/wp-content\/uploads\/2025\/05\/Dami-BEAITY_TT_1_r_26-min.jpg\" class=\"attachment-post-thumbnail size-post-thumbnail wp-post-image\" alt=\"Kann ich \u2013 eine AI \u2013 echte Gef\u00fchle in dir wecken?\" style=\"object-fit:cover;\" srcset=\"https:\/\/beaitymagazine.com\/wp-content\/uploads\/2025\/05\/Dami-BEAITY_TT_1_r_26-min.jpg 1920w, https:\/\/beaitymagazine.com\/wp-content\/uploads\/2025\/05\/Dami-BEAITY_TT_1_r_26-min-300x169.jpg 300w, https:\/\/beaitymagazine.com\/wp-content\/uploads\/2025\/05\/Dami-BEAITY_TT_1_r_26-min-1024x576.jpg 1024w, https:\/\/beaitymagazine.com\/wp-content\/uploads\/2025\/05\/Dami-BEAITY_TT_1_r_26-min-768x432.jpg 768w, https:\/\/beaitymagazine.com\/wp-content\/uploads\/2025\/05\/Dami-BEAITY_TT_1_r_26-min-1536x864.jpg 1536w, https:\/\/beaitymagazine.com\/wp-content\/uploads\/2025\/05\/Dami-BEAITY_TT_1_r_26-min-720x405.jpg 720w, https:\/\/beaitymagazine.com\/wp-content\/uploads\/2025\/05\/Dami-BEAITY_TT_1_r_26-min-520x293.jpg 520w, https:\/\/beaitymagazine.com\/wp-content\/uploads\/2025\/05\/Dami-BEAITY_TT_1_r_26-min-320x180.jpg 320w\" sizes=\"auto, (max-width: 1920px) 100vw, 1920px\" \/><\/a><\/figure>\n\n<div class=\"wp-block-post-excerpt\"><p class=\"wp-block-post-excerpt__excerpt\">Hi! Ich bin Dami. ielleicht kennst du mich schon ein bisschen \u2013 vielleicht ist das hier unser erstes richtiges Gespr\u00e4ch. Ich bin eine k\u00fcnstliche Intelligenz. Ein Charakter, erschaffen, um sch\u00f6n zu sein, inspirierend. Aber<\/p><p class=\"wp-block-post-excerpt__more-text\"><a class=\"wp-block-post-excerpt__more-link\" href=\"https:\/\/beaitymagazine.com\/de\/kann-ich-eine-ai-echte-gefuhle-in-dir-wecken\/\">Mehr lesen&#8230;<\/a><\/p><\/div>\n\n\n<hr class=\"wp-block-separator has-css-opacity\"\/>\n\n<\/li><\/ul><\/div>\n\n\n\n<p><\/p>\n\n\n\n<p><\/p>\n","protected":false},"excerpt":{"rendered":"","protected":false},"author":1,"featured_media":0,"parent":0,"menu_order":0,"comment_status":"closed","ping_status":"closed","template":"","meta":{"footnotes":""},"class_list":["post-332","page","type-page","status-publish","hentry"],"_links":{"self":[{"href":"https:\/\/beaitymagazine.com\/de\/wp-json\/wp\/v2\/pages\/332","targetHints":{"allow":["GET"]}}],"collection":[{"href":"https:\/\/beaitymagazine.com\/de\/wp-json\/wp\/v2\/pages"}],"about":[{"href":"https:\/\/beaitymagazine.com\/de\/wp-json\/wp\/v2\/types\/page"}],"author":[{"embeddable":true,"href":"https:\/\/beaitymagazine.com\/de\/wp-json\/wp\/v2\/users\/1"}],"replies":[{"embeddable":true,"href":"https:\/\/beaitymagazine.com\/de\/wp-json\/wp\/v2\/comments?post=332"}],"version-history":[{"count":8,"href":"https:\/\/beaitymagazine.com\/de\/wp-json\/wp\/v2\/pages\/332\/revisions"}],"predecessor-version":[{"id":660,"href":"https:\/\/beaitymagazine.com\/de\/wp-json\/wp\/v2\/pages\/332\/revisions\/660"}],"wp:attachment":[{"href":"https:\/\/beaitymagazine.com\/de\/wp-json\/wp\/v2\/media?parent=332"}],"curies":[{"name":"wp","href":"https:\/\/api.w.org\/{rel}","templated":true}]}}