{"id":319,"date":"2025-05-07T12:34:44","date_gmt":"2025-05-07T16:34:44","guid":{"rendered":"https:\/\/beaitymagazine.com\/categories\/"},"modified":"2025-05-07T12:44:52","modified_gmt":"2025-05-07T16:44:52","slug":"categories","status":"publish","type":"page","link":"https:\/\/beaitymagazine.com\/de\/categories\/","title":{"rendered":"Rubriken"},"content":{"rendered":"\n<h1 class=\"wp-block-heading\">F\u00fcr welche Themen brennst du?<\/h1>\n\n<p>Im Beaity magazine dreht sich alles um KI und darum, wie du KI in dein Leben bringen kannst, um es aufs n\u00e4chste Level zu bringen.<\/p>\n\n<p>KI hat so viele Seiten &#8211; da ist es sinnvoll, das Ganze in verschiedene Rubriken einzuteilen, aus denen du ausw\u00e4hlen kannst. So, wie das ganze gro\u00dfe Thema KI w\u00e4chst, so w\u00e4chst auch die Liste der Rubriken, in denen du viele, viele wundervolle Artikel findest. <\/p>\n\n<p>Viel Spa\u00df beim St\u00f6bern durch das Beaity magazine &#8211; und f\u00fchle dich herzlich eingeladen, mit uns zu interagieren: schreibe einen Kommentar, diskutiere mit uns, stelle uns deine Fragen!<\/p>\n\n<p>Hier ist eine Auflistung der Rubriken, unter denen du geniale Artikel findest:<\/p>\n<ul class=\"wp-block-categories-list wp-block-categories\">\t<li class=\"cat-item cat-item-19\"><a href=\"https:\/\/beaitymagazine.com\/de\/kategorie\/luxus-zu-deinen-bedingungen\/\">Luxus zu deinen Bedingungen<\/a>\n<\/li>\n\t<li class=\"cat-item cat-item-15\"><a href=\"https:\/\/beaitymagazine.com\/de\/kategorie\/zukunft-des-fuehlens\/\">Zukunft des F\u00fchlens<\/a>\n<\/li>\n<\/ul>","protected":false},"excerpt":{"rendered":"<p>F\u00fcr welche Themen brennst du? Im Beaity magazine dreht sich alles um KI und darum, wie du KI in dein Leben bringen kannst, um es aufs n\u00e4chste Level zu bringen. KI hat so viele&#46;&#46;&#46;<\/p>\n","protected":false},"author":1,"featured_media":0,"parent":0,"menu_order":0,"comment_status":"closed","ping_status":"closed","template":"","meta":{"footnotes":""},"class_list":["post-319","page","type-page","status-publish","hentry"],"_links":{"self":[{"href":"https:\/\/beaitymagazine.com\/de\/wp-json\/wp\/v2\/pages\/319","targetHints":{"allow":["GET"]}}],"collection":[{"href":"https:\/\/beaitymagazine.com\/de\/wp-json\/wp\/v2\/pages"}],"about":[{"href":"https:\/\/beaitymagazine.com\/de\/wp-json\/wp\/v2\/types\/page"}],"author":[{"embeddable":true,"href":"https:\/\/beaitymagazine.com\/de\/wp-json\/wp\/v2\/users\/1"}],"replies":[{"embeddable":true,"href":"https:\/\/beaitymagazine.com\/de\/wp-json\/wp\/v2\/comments?post=319"}],"version-history":[{"count":2,"href":"https:\/\/beaitymagazine.com\/de\/wp-json\/wp\/v2\/pages\/319\/revisions"}],"predecessor-version":[{"id":321,"href":"https:\/\/beaitymagazine.com\/de\/wp-json\/wp\/v2\/pages\/319\/revisions\/321"}],"wp:attachment":[{"href":"https:\/\/beaitymagazine.com\/de\/wp-json\/wp\/v2\/media?parent=319"}],"curies":[{"name":"wp","href":"https:\/\/api.w.org\/{rel}","templated":true}]}}