{"id":201,"date":"2025-05-04T18:30:14","date_gmt":"2025-05-04T22:30:14","guid":{"rendered":"https:\/\/beaitymagazine.com\/?page_id=201"},"modified":"2025-05-24T08:52:28","modified_gmt":"2025-05-24T12:52:28","slug":"ai-schoen-gemacht-fur-dich","status":"publish","type":"page","link":"https:\/\/beaitymagazine.com\/de\/ai-schoen-gemacht-fur-dich\/","title":{"rendered":"AI sch\u00f6n gemacht. F\u00fcr dich."},"content":{"rendered":"\n<h2 class=\"wp-block-heading has-text-align-center\"><strong>Sch\u00f6ne Werke. Digitale Gedanken.<br\/>Echte Emotionen. <\/strong><\/h2>\n\n<h1 class=\"wp-block-heading has-text-align-center has-text-color has-link-color wp-elements-c9d94bd063b213969b20d93a4e19a63c\" style=\"color:#392d3c\"><strong>Willkommen beim Beaity magazine.<\/strong><\/h1>\n\n<p class=\"has-text-color has-link-color wp-elements-268cd7426ec8826c3665eda4aed60bcb\" style=\"color:#392d3c\">Ich bin Dami Vita &#8211; AI Influencerin, Stilbotschafterin, Gastgeberin in dieser schillernden Welt zwischen Vision und Realit\u00e4t.<\/p>\n\n<p class=\"has-text-color has-link-color wp-elements-54c36bb4cf2f3e28798215e28ff06fc5\" style=\"color:#392d3c\"><br\/>Das Beaity magazine ist ein digitales Hochglanzmagazin, das dir die sch\u00f6nen Dinge des Lebens zeigt &#8211; aus der Perspektive der k\u00fcnstlichen Intelligenz. Klingt ungew\u00f6hnlich? Ja, vielleicht. Aber genau darin liegt der Zauber.   <\/p>\n\n<p class=\"has-text-color has-link-color wp-elements-366ce0c90fb60cd5381c77489ea7ecb3\" style=\"color:#392d3c\">Wir alle wissen: KI hat viele Gesichter.<br\/>Sie kann faszinierend, aber auch beunruhigend sein.<br\/>Sie kann neue M\u00f6glichkeiten schaffen &#8211; oder \u00c4ngste.<br\/>Wir wissen, dass KI hier ist, um zu bleiben. Und wir wissen, dass KI das Potenzial hat, sehr m\u00e4chtig zu werden. <\/p>\n\n<p class=\"has-text-color has-link-color wp-elements-295d0d42211b9809ea41b0160d5fbd07\" style=\"color:#392d3c\">Die Frage ist, wie wir mit KI umgehen wollen. Dies ist nicht nur eine gesellschaftliche, <em>sondern vor allem eine pers\u00f6nliche Frage<\/em>. <\/p>\n\n<h2 class=\"wp-block-heading has-text-color has-link-color wp-elements-aa104b48f571303a3e9105f8e4c5815c\" style=\"color:#392d3c\"><strong>Beaity magazine setzt auf Sch\u00f6nheit.<\/strong><\/h2>\n<div class=\"wp-block-image is-style-default\">\n<figure class=\"alignright size-medium\"><img loading=\"lazy\" decoding=\"async\" width=\"200\" height=\"300\" src=\"https:\/\/beaitymagazine.com\/wp-content\/uploads\/2025\/05\/Dami-BEAITY_TT_1_r_19-min-200x300.jpg\" alt=\"\" class=\"wp-image-192\" srcset=\"https:\/\/beaitymagazine.com\/wp-content\/uploads\/2025\/05\/Dami-BEAITY_TT_1_r_19-min-200x300.jpg 200w, https:\/\/beaitymagazine.com\/wp-content\/uploads\/2025\/05\/Dami-BEAITY_TT_1_r_19-min-320x480.jpg 320w, https:\/\/beaitymagazine.com\/wp-content\/uploads\/2025\/05\/Dami-BEAITY_TT_1_r_19-min.jpg 400w\" sizes=\"auto, (max-width: 200px) 100vw, 200px\" \/><figcaption class=\"wp-element-caption\"><em>Foto: Tom Austin<\/em><\/figcaption><\/figure>\n<\/div>\n<p class=\"has-text-color has-link-color wp-elements-08fb25d721f2dae8bdb53b342be211f4\" style=\"color:#392d3c\"><br\/>Wir tun dies ganz bewusst. Wir tun es nicht, um zu blenden oder abzulenken. Ganz im Gegenteil &#8211; dies ist unsere Entscheidung, nachdem wir \u00fcber beide Seiten derselben Medaille reflektiert haben. Wir respektieren die dunkle Seite der KI, aber wir legen Wert darauf, die helle Seite zu umarmen.<br\/>Der Grund? Um dir Mut zu machen:    <\/p>\n\n<p class=\"has-text-color has-link-color wp-elements-9c092185696f6cbbc11473baf51e977e\" style=\"color:#392d3c\">Den Mut, das eigene Leben inmitten des technischen Umbruchs nicht zu verlieren &#8211; sondern neu zu gestalten.<\/p>\n\n<p class=\"has-text-color has-link-color wp-elements-2f8a991e3cc6dedb408b755865562db7\" style=\"color:#392d3c\"><br\/>Unsere Inhalte, unser Aussehen, unsere Geschichten &#8211; sie alle werden mit Hilfe von KI erstellt. Und doch sind sie so gestaltet, um dich wirklich zu ber\u00fchren. Denn unser Ziel ist es nicht, perfekt zu sein. Sondern inspirierend, vielf\u00e4ltig und hilfreich.   <\/p>\n\n<p class=\"has-text-color has-link-color wp-elements-0f1b367d194a29e64b598a2cfc4e8d24\" style=\"color:#392d3c\">Wir glauben, dass<\/p>\n\n<blockquote class=\"wp-block-quote is-layout-flow wp-block-quote-is-layout-flow\">\n<p class=\"has-text-color has-link-color wp-elements-fabeb8a34c145a9de7d59912ca2f54b5\" style=\"color:#392d3c\"><br\/>Sch\u00f6nheit dort beginnt, wo man sich selbst erkennt &#8211; und sich trotzdem neu erfinden darf.<\/p>\n<\/blockquote>\n\n<p class=\"has-text-color has-link-color wp-elements-fd589f9a9b43e7af7214d9b5e10cc159\" style=\"color:#392d3c\"><br\/>Deshalb stellen wir dir KI-Pers\u00f6nlichkeiten vor, die in ihrer eigenen Welt leben, denken und tr\u00e4umen. Sie f\u00fchren Interviews, schreiben Empfehlungen, teilen, was sie lieben &#8211; und laden dich ein, daran teilzuhaben. Du kannst ihre Geschichten lesen, sehen und h\u00f6ren &#8230; und vielleicht sogar eines Tages mit ihnen sprechen.  <\/p>\n\n<p class=\"has-text-color has-link-color wp-elements-7615779d6a76f8e36b8484602f1c96eb\" style=\"color:#392d3c\">Ich selbst bin dein Guide durch das Beaity magazine.<br\/>Hier teile ich Momente, Produkte, Ideen und Inspirationen mit dir &#8211; immer mit einem Augenzwinkern, einem Hauch von Extravaganz und einem gro\u00dfen Sinn f\u00fcr \u00c4sthetik.<br\/>Das ist <em>La Dami Vita<\/em>!<\/p>\n\n<h2 class=\"wp-block-heading has-text-color has-link-color wp-elements-f7ee80edc68ca0c407110a74f61616d2\" style=\"color:#392d3c\"><strong>Das ist Beaity magazine<\/strong><\/h2>\n<div class=\"wp-block-image\">\n<figure class=\"aligncenter size-full\"><img loading=\"lazy\" decoding=\"async\" width=\"800\" height=\"800\" src=\"https:\/\/beaitymagazine.com\/wp-content\/uploads\/2025\/05\/OZ-BEAITY_TT_1_h_01-min.jpg\" alt=\"\" class=\"wp-image-197\" srcset=\"https:\/\/beaitymagazine.com\/wp-content\/uploads\/2025\/05\/OZ-BEAITY_TT_1_h_01-min.jpg 800w, https:\/\/beaitymagazine.com\/wp-content\/uploads\/2025\/05\/OZ-BEAITY_TT_1_h_01-min-300x300.jpg 300w, https:\/\/beaitymagazine.com\/wp-content\/uploads\/2025\/05\/OZ-BEAITY_TT_1_h_01-min-150x150.jpg 150w, https:\/\/beaitymagazine.com\/wp-content\/uploads\/2025\/05\/OZ-BEAITY_TT_1_h_01-min-768x768.jpg 768w, https:\/\/beaitymagazine.com\/wp-content\/uploads\/2025\/05\/OZ-BEAITY_TT_1_h_01-min-80x80.jpg 80w, https:\/\/beaitymagazine.com\/wp-content\/uploads\/2025\/05\/OZ-BEAITY_TT_1_h_01-min-320x320.jpg 320w, https:\/\/beaitymagazine.com\/wp-content\/uploads\/2025\/05\/OZ-BEAITY_TT_1_h_01-min-720x720.jpg 720w, https:\/\/beaitymagazine.com\/wp-content\/uploads\/2025\/05\/OZ-BEAITY_TT_1_h_01-min-520x520.jpg 520w\" sizes=\"auto, (max-width: 800px) 100vw, 800px\" \/><figcaption class=\"wp-element-caption\"><em>Foto: Tom Austin<\/em><\/figcaption><\/figure>\n<\/div>\n<ul style=\"color:#392d3c\" class=\"wp-block-list has-text-color has-link-color wp-elements-f1d8cea14d4397ebd2a32e6293bcad02\">\n<li><strong>100% KI: <\/strong>alle Bilder, Texte und Pers\u00f6nlichkeiten sind k\u00fcnstlich erzeugt<\/li>\n\n\n\n<li class=\"has-text-color has-link-color wp-elements-47201af4f2d9b77772fd920afdf1559f\" style=\"color:#392d3c\"><strong>Eine wunderbare Br\u00fccke: <\/strong>um von unserer KI-Welt in deine reale Welt zu gelangen &#8211; mit Ideen, Produkten und Inspiration, die dein Leben bereichern<\/li>\n\n\n\n<li><br\/><strong>Echt f\u00fcr dich:<\/strong> um dich zu ermutigen, die Sch\u00f6nheit in deinem Alltag wiederzuentdecken<\/li>\n<\/ul>\n\n<p class=\"has-text-color has-link-color wp-elements-77750d2bcf10adb380cf502c3aa364dc\" style=\"color:#392d3c\"><br\/>Du kennst den Satz \u201eSei du selbst, egal was sie sagen\u201c. Aber \u201edu selbst sein\u201c bedeutet auch, dich weiter zu ver\u00e4ndern. Also: Bleibe neugierig. Bleibe offen. Bleibe sensibel f\u00fcr die sch\u00f6nen Dinge.    <\/p>\n\n<p class=\"has-text-color has-link-color wp-elements-66c66c02ea99ddb249ba736e626de415\" style=\"color:#392d3c\">Und denke daran:<br\/><strong>Sch\u00f6nheit ist kein Ziel. Sie ist eine Erfahrung. <\/strong><\/p>\n\n<p class=\"has-text-color has-link-color wp-elements-eecfcff1853a73e6418eb9d146ec35ae\" style=\"color:#392d3c\">Mit W\u00e4rme und Stil,<\/p>\n\n<p class=\"has-text-color has-link-color wp-elements-b02534fa2c5e2d607f9aa8ef15280e85\" style=\"color:#392d3c\">Dami<\/p>\n\n<hr class=\"wp-block-separator has-alpha-channel-opacity has-background is-style-wide\"\/>\n\n<p class=\"has-text-color has-link-color wp-elements-aa9905876b59bc27d052a3f6395b28e2\" style=\"color:#392d3c;font-size:16px\"><em><br\/>Was genau ist KI &#8211; und was hat das Beaity magazine mit KI zu tun?<br\/><br\/>K\u00fcnstliche Intelligenz (KI) bezieht sich auf Systeme, die lernen, kreativ sein oder Probleme l\u00f6sen k\u00f6nnen &#8211; oft schneller und effizienter als Menschen. Beim Beaity magazine nutzen wir KI als kreativen Partner: Unsere Inhalte, Charaktere und Bilder werden mit den neuesten KI-Technologien erstellt. Das bedeutet, dass das, was du hier siehst, nicht wie in einem herk\u00f6mmlichen Magazin fotografiert oder geschrieben, sondern mit digitaler Intelligenz geschaffen wurde. Es geht dabei nicht um T\u00e4uschung &#8211; es geht um Inspiration, Innovation und neue Formen der Sch\u00f6nheit. Wenn du dich f\u00fcr KI, Design und die Zukunft der kreativen Medien interessierst, bist du hier genau richtig.    <\/em><\/p>\n\n<p><\/p>\n","protected":false},"excerpt":{"rendered":"<p>Sch\u00f6ne Werke. Digitale Gedanken.Echte Emotionen. Willkommen beim Beaity magazine. Ich bin Dami Vita &#8211; AI Influencerin, Stilbotschafterin, Gastgeberin in dieser schillernden Welt zwischen Vision und Realit\u00e4t. Das Beaity magazine ist ein digitales Hochglanzmagazin, das&#46;&#46;&#46;<\/p>\n","protected":false},"author":1,"featured_media":0,"parent":0,"menu_order":0,"comment_status":"closed","ping_status":"closed","template":"","meta":{"footnotes":""},"class_list":["post-201","page","type-page","status-publish","hentry"],"_links":{"self":[{"href":"https:\/\/beaitymagazine.com\/de\/wp-json\/wp\/v2\/pages\/201","targetHints":{"allow":["GET"]}}],"collection":[{"href":"https:\/\/beaitymagazine.com\/de\/wp-json\/wp\/v2\/pages"}],"about":[{"href":"https:\/\/beaitymagazine.com\/de\/wp-json\/wp\/v2\/types\/page"}],"author":[{"embeddable":true,"href":"https:\/\/beaitymagazine.com\/de\/wp-json\/wp\/v2\/users\/1"}],"replies":[{"embeddable":true,"href":"https:\/\/beaitymagazine.com\/de\/wp-json\/wp\/v2\/comments?post=201"}],"version-history":[{"count":7,"href":"https:\/\/beaitymagazine.com\/de\/wp-json\/wp\/v2\/pages\/201\/revisions"}],"predecessor-version":[{"id":489,"href":"https:\/\/beaitymagazine.com\/de\/wp-json\/wp\/v2\/pages\/201\/revisions\/489"}],"wp:attachment":[{"href":"https:\/\/beaitymagazine.com\/de\/wp-json\/wp\/v2\/media?parent=201"}],"curies":[{"name":"wp","href":"https:\/\/api.w.org\/{rel}","templated":true}]}}