{"id":128,"date":"2025-05-02T09:42:49","date_gmt":"2025-05-02T13:42:49","guid":{"rendered":"https:\/\/beaitymagazine.com\/?page_id=128"},"modified":"2025-05-24T10:11:54","modified_gmt":"2025-05-24T14:11:54","slug":"kontaktiere-uns","status":"publish","type":"page","link":"https:\/\/beaitymagazine.com\/de\/kontaktiere-uns\/","title":{"rendered":"KONTAKTIERE UNS!"},"content":{"rendered":"\n<hr class=\"wp-block-separator has-alpha-channel-opacity has-background is-style-wide\"\/>\n\n\n\n<p>Hast du eine Frage oder ein Anliegen? Dann z\u00f6gere nicht, unser Kontaktformular zu nutzen, um uns zu erreichen! <\/p>\n\n\n\n<p>F\u00fclle einfach das Formular aus und klicke auf die Schaltfl\u00e4che &#8222;Absenden&#8220;. Wir werden uns schnellstm\u00f6glich bei dir melden. <\/p>\n\n\n<noscript class=\"ninja-forms-noscript-message\">\n\tHinweis: F\u00fcr diese Inhalte ist JavaScript erforderlich.<\/noscript>\n<div id=\"nf-form-4-cont\" class=\"nf-form-cont\" aria-live=\"polite\" aria-labelledby=\"nf-form-title-4\" aria-describedby=\"nf-form-errors-4\" role=\"form\">\n\n    <div class=\"nf-loading-spinner\"><\/div>\n\n<\/div>\n        <!-- That data is being printed as a workaround to page builders reordering the order of the scripts loaded-->\n        <script>var formDisplay=1;var nfForms=nfForms||[];var form=[];form.id='4';form.settings={\"objectType\":\"Form Setting\",\"editActive\":true,\"title\":\"Kontaktiere uns!\",\"show_title\":1,\"allow_public_link\":0,\"embed_form\":\"\",\"clear_complete\":1,\"hide_complete\":1,\"default_label_pos\":\"above\",\"wrapper_class\":\"\",\"element_class\":\"\",\"form_title_heading_level\":\"3\",\"key\":\"\",\"add_submit\":0,\"changeEmailErrorMsg\":\"Bitte gib eine g\\u00fcltige E-Mail-Adresse ein.\",\"changeDateErrorMsg\":\"Bitte gib ein g\\u00fcltiges Datum ein.\",\"confirmFieldErrorMsg\":\"Diese Felder m\\u00fcssen \\u00fcbereinstimmen!\",\"fieldNumberNumMinError\":\"Fehler bei Zahlminimum\",\"fieldNumberNumMaxError\":\"Fehler bei Zahlmaximum\",\"fieldNumberIncrementBy\":\"Bitte erh\\u00f6hen um \",\"formErrorsCorrectErrors\":\"Bitte korrigiere die Fehler, bevor du das Formular absendest.\",\"validateRequiredField\":\"Dies ist ein Pflichtfeld.\",\"honeypotHoneypotError\":\"Honeypot-Fehler\",\"fieldsMarkedRequired\":\"Felder, die mit einem Asterisk * markiert sind, sind Pflichtfelder.\",\"currency\":\"\",\"unique_field_error\":\"Ein Formular mit diesem Wert wurde bereits \\u00fcbermittelt.\",\"logged_in\":false,\"not_logged_in_msg\":\"\",\"sub_limit_msg\":\"Die H\\u00f6chstgrenze an \\u00dcbertragungen wurde erreicht.\",\"calculations\":[],\"formContentData\":[\"dein_name_1745855014701\",\"deine_e-mail_adresse_1745855233337\",\"was_koennen_wir_fuer_dich_tun_1745855378630\",\"datenschutz_1745855668729\",\"absenden_1745855853253\"],\"objectDomain\":\"restrictions\",\"drawerDisabled\":false,\"ninjaForms\":\"Ninja Forms\",\"fieldTextareaRTEInsertLink\":\"Link einf\\u00fcgen\",\"fieldTextareaRTEInsertMedia\":\"Medium einf\\u00fcgen\",\"fieldTextareaRTESelectAFile\":\"Eine Datei ausw\\u00e4hlen\",\"formHoneypot\":\"Wenn Sie ein Mensch sind und dieses Feld sehen, lassen Sie es bitte leer.\",\"fileUploadOldCodeFileUploadInProgress\":\"Datei-Upload l\\u00e4uft.\",\"fileUploadOldCodeFileUpload\":\"DATEI-UPLOAD\",\"currencySymbol\":\"&#36;\",\"thousands_sep\":\".\",\"decimal_point\":\",\",\"siteLocale\":\"de_DE\",\"dateFormat\":\"m\\\/d\\\/Y\",\"startOfWeek\":\"1\",\"of\":\"von\",\"previousMonth\":\"Previous Month\",\"nextMonth\":\"Next Month\",\"months\":[\"January\",\"February\",\"March\",\"April\",\"May\",\"June\",\"July\",\"August\",\"September\",\"October\",\"November\",\"December\"],\"monthsShort\":[\"Jan\",\"Feb\",\"Mar\",\"Apr\",\"May\",\"Jun\",\"Jul\",\"Aug\",\"Sep\",\"Oct\",\"Nov\",\"Dec\"],\"weekdays\":[\"Sunday\",\"Monday\",\"Tuesday\",\"Wednesday\",\"Thursday\",\"Friday\",\"Saturday\"],\"weekdaysShort\":[\"Sun\",\"Mon\",\"Tue\",\"Wed\",\"Thu\",\"Fri\",\"Sat\"],\"weekdaysMin\":[\"Su\",\"Mo\",\"Tu\",\"We\",\"Th\",\"Fr\",\"Sa\"],\"recaptchaConsentMissing\":\"reCaptcha validation couldn&#039;t load.\",\"recaptchaMissingCookie\":\"reCaptcha v3 validation couldn&#039;t load the cookie needed to submit the form.\",\"recaptchaConsentEvent\":\"Accept reCaptcha cookies before sending the form.\",\"currency_symbol\":\"\",\"beforeForm\":\"\",\"beforeFields\":\"\",\"afterFields\":\"\",\"afterForm\":\"\"};form.fields=[{\"objectType\":\"Field\",\"objectDomain\":\"fields\",\"editActive\":false,\"order\":1,\"idAttribute\":\"id\",\"label\":\"Dein Name\",\"type\":\"firstname\",\"key\":\"dein_name_1745855014701\",\"label_pos\":\"above\",\"required\":1,\"default\":\"\",\"placeholder\":\"Gib hier deinen Namen ein.\",\"container_class\":\"\",\"element_class\":\"\",\"admin_label\":\"\",\"help_text\":\"<p>Du kannst deinen ganzen Namen eingeben oder nur deinen Vornamen, auch deinen Spitznamen - ganz, wie du willst! Beachte bitte, dass wir dich so ansprechen werden, wie du es in dieses Feld eingibst.<br><\\\/p>\",\"custom_name_attribute\":\"fname\",\"personally_identifiable\":1,\"value\":\"\",\"drawerDisabled\":false,\"id\":14,\"beforeField\":\"\",\"afterField\":\"\",\"parentType\":\"firstname\",\"element_templates\":[\"firstname\",\"input\"],\"old_classname\":\"\",\"wrap_template\":\"wrap\"},{\"objectType\":\"Field\",\"objectDomain\":\"fields\",\"editActive\":false,\"order\":2,\"idAttribute\":\"id\",\"label\":\"Deine E-mail Adresse\",\"type\":\"email\",\"key\":\"deine_e-mail_adresse_1745855233337\",\"label_pos\":\"above\",\"required\":1,\"default\":\"\",\"placeholder\":\"Gib hier deine E-Mail Adresse ein.\",\"container_class\":\"\",\"element_class\":\"\",\"admin_label\":\"\",\"help_text\":\"<p>Du musst eine g\\u00fcltige E-Mail-Adresse eingeben, sonst funktioniert's nicht.<br><\\\/p>\",\"custom_name_attribute\":\"email\",\"personally_identifiable\":1,\"value\":\"\",\"drawerDisabled\":false,\"id\":15,\"beforeField\":\"\",\"afterField\":\"\",\"parentType\":\"email\",\"element_templates\":[\"email\",\"input\"],\"old_classname\":\"\",\"wrap_template\":\"wrap\"},{\"objectType\":\"Field\",\"objectDomain\":\"fields\",\"editActive\":false,\"order\":3,\"idAttribute\":\"id\",\"label\":\"Was k\\u00f6nnen wir f\\u00fcr dich tun?\",\"type\":\"textarea\",\"key\":\"was_koennen_wir_fuer_dich_tun_1745855378630\",\"label_pos\":\"above\",\"required\":1,\"default\":\"\",\"placeholder\":\"Gib hier dein Anliegen oder deine Frage ein.\",\"container_class\":\"\",\"element_class\":\"\",\"input_limit\":400,\"input_limit_type\":\"word\",\"input_limit_msg\":\"W\\u00f6rter sind \\u00fcbrig\",\"manual_key\":false,\"admin_label\":\"\",\"help_text\":\"<p>Grunds\\u00e4tzlich solltest du dich kurz halten; wenn du allerdings ein Anliegen hast, das im Detail beschrieben werden will, hast du dies mit bis zu 400 W\\u00f6rtern tun.&nbsp;<br><\\\/p>\",\"textarea_rte\":0,\"disable_rte_mobile\":\"\",\"textarea_media\":\"\",\"value\":\"\",\"drawerDisabled\":false,\"id\":16,\"beforeField\":\"\",\"afterField\":\"\",\"parentType\":\"textarea\",\"element_templates\":[\"textarea\",\"input\"],\"old_classname\":\"\",\"wrap_template\":\"wrap\"},{\"objectType\":\"Field\",\"objectDomain\":\"fields\",\"editActive\":false,\"order\":4,\"idAttribute\":\"id\",\"label\":\"Datenschutz\",\"type\":\"checkbox\",\"key\":\"datenschutz_1745855668729\",\"label_pos\":\"above\",\"required\":1,\"container_class\":\"\",\"element_class\":\"\",\"manual_key\":false,\"admin_label\":\"\",\"help_text\":\"\",\"desc_text\":\"<p>Ich habe die <a href=\\\"https:\\\/\\\/beaitymagazine.com\\\/de\\\/datenschutz\\\">Datenschutzerkl\\u00e4rung<\\\/a> gelesen und akzeptiere sie.<\\\/p>\",\"default_value\":\"unchecked\",\"checked_value\":\"Checked\",\"unchecked_value\":\"Unchecked\",\"checked_calc_value\":\"\",\"unchecked_calc_value\":\"\",\"drawerDisabled\":false,\"id\":17,\"beforeField\":\"\",\"afterField\":\"\",\"value\":\"\",\"parentType\":\"checkbox\",\"element_templates\":[\"checkbox\",\"input\"],\"old_classname\":\"\",\"wrap_template\":\"wrap\"},{\"objectType\":\"Field\",\"objectDomain\":\"fields\",\"editActive\":false,\"order\":5,\"idAttribute\":\"id\",\"label\":\"Absenden\",\"type\":\"submit\",\"processing_label\":\"Wird gesendet...\",\"container_class\":\"\",\"element_class\":\"\",\"key\":\"absenden_1745855853253\",\"admin_label\":\"\",\"drawerDisabled\":false,\"id\":18,\"beforeField\":\"\",\"afterField\":\"\",\"value\":\"\",\"label_pos\":\"above\",\"parentType\":\"textbox\",\"element_templates\":[\"submit\",\"button\",\"input\"],\"old_classname\":\"\",\"wrap_template\":\"wrap-no-label\"}];nfForms.push(form);<\/script>\n        ","protected":false},"excerpt":{"rendered":"<p>Hast du eine Frage oder ein Anliegen? Dann z\u00f6gere nicht, unser Kontaktformular zu nutzen, um uns zu erreichen! F\u00fclle einfach das Formular aus und klicke auf die Schaltfl\u00e4che &#8222;Absenden&#8220;. Wir werden uns schnellstm\u00f6glich bei&#46;&#46;&#46;<\/p>\n","protected":false},"author":1,"featured_media":0,"parent":0,"menu_order":0,"comment_status":"closed","ping_status":"closed","template":"","meta":{"footnotes":""},"class_list":["post-128","page","type-page","status-publish","hentry"],"_links":{"self":[{"href":"https:\/\/beaitymagazine.com\/de\/wp-json\/wp\/v2\/pages\/128","targetHints":{"allow":["GET"]}}],"collection":[{"href":"https:\/\/beaitymagazine.com\/de\/wp-json\/wp\/v2\/pages"}],"about":[{"href":"https:\/\/beaitymagazine.com\/de\/wp-json\/wp\/v2\/types\/page"}],"author":[{"embeddable":true,"href":"https:\/\/beaitymagazine.com\/de\/wp-json\/wp\/v2\/users\/1"}],"replies":[{"embeddable":true,"href":"https:\/\/beaitymagazine.com\/de\/wp-json\/wp\/v2\/comments?post=128"}],"version-history":[{"count":3,"href":"https:\/\/beaitymagazine.com\/de\/wp-json\/wp\/v2\/pages\/128\/revisions"}],"predecessor-version":[{"id":507,"href":"https:\/\/beaitymagazine.com\/de\/wp-json\/wp\/v2\/pages\/128\/revisions\/507"}],"wp:attachment":[{"href":"https:\/\/beaitymagazine.com\/de\/wp-json\/wp\/v2\/media?parent=128"}],"curies":[{"name":"wp","href":"https:\/\/api.w.org\/{rel}","templated":true}]}}